{"id":345,"date":"2020-10-01T13:39:11","date_gmt":"2020-10-01T11:39:11","guid":{"rendered":"http:\/\/lagirafe-coaching.com\/?page_id=345"},"modified":"2020-10-01T13:39:11","modified_gmt":"2020-10-01T11:39:11","slug":"representant-e-s-du-personnel-et-les-syndicats","status":"publish","type":"page","link":"https:\/\/lagirafe-coaching.com\/index.php\/representant-e-s-du-personnel-et-les-syndicats\/","title":{"rendered":"Repr\u00e9sentant.e.s du personnel et les Syndicats"},"content":{"rendered":"\n<ul><li><strong>Formation \u00e0 la non discrimination (exercice sur les 25 crit\u00e8res de discrimination professionnelles)<\/strong><\/li><li><strong>Formation \u00e0 l\u2019\u00e9galit\u00e9 professionnelle<\/strong><\/li><li><strong>Analyse du RSC (Rapport de Situation Compar\u00e9e)<\/strong><\/li><li><strong>Accompagnement du CSE (Comit\u00e9 Social et Economique) ex.CHSCT (Comit\u00e9 d\u2019Hygi\u00e8ne, de S\u00e9curit\u00e9 et des Conditions de Travail) sur l\u2019impact des conditions de travail sur la sant\u00e9 des femmes et des hommes et sur les personnes discrimin\u00e9es.<\/strong><\/li><li><strong>Pr\u00e9vention des discriminations sexistes (r\u00e8glementation sur le harc\u00e8lement sexuel au travail&#8230;)<\/strong><\/li><li><strong>Formation-action des \u00e9quipes syndicales sur les st\u00e9r\u00e9otypes de genre, discriminations et les in\u00e9galit\u00e9s femmes-hommes<\/strong><\/li><\/ul>\n\n\n\n<figure class=\"wp-block-image size-large\"><img loading=\"lazy\" width=\"680\" height=\"624\" src=\"http:\/\/lagirafe-coaching.com\/wp-content\/uploads\/2020\/10\/discrimination-21-1.jpg\" alt=\"\" class=\"wp-image-346\" srcset=\"https:\/\/lagirafe-coaching.com\/wp-content\/uploads\/2020\/10\/discrimination-21-1.jpg 680w, https:\/\/lagirafe-coaching.com\/wp-content\/uploads\/2020\/10\/discrimination-21-1-300x275.jpg 300w, https:\/\/lagirafe-coaching.com\/wp-content\/uploads\/2020\/10\/discrimination-21-1-327x300.jpg 327w\" sizes=\"(max-width: 680px) 100vw, 680px\" \/><figcaption>Source Workmetender<\/figcaption><\/figure>\n","protected":false},"excerpt":{"rendered":"<p>Formation \u00e0 la non discrimination (exercice sur les 25 crit\u00e8res de discrimination professionnelles) Formation \u00e0 l\u2019\u00e9galit\u00e9 professionnelle Analyse du RSC (Rapport de Situation Compar\u00e9e) Accompagnement du CSE (Comit\u00e9 Social et Economique) ex.CHSCT (Comit\u00e9 d\u2019Hygi\u00e8ne, de S\u00e9curit\u00e9 et des Conditions de &hellip; <a href=\"https:\/\/lagirafe-coaching.com\/index.php\/representant-e-s-du-personnel-et-les-syndicats\/\">Continuer la lecture <span class=\"meta-nav\">&rarr;<\/span><\/a><\/p>\n","protected":false},"author":1,"featured_media":0,"parent":0,"menu_order":0,"comment_status":"closed","ping_status":"closed","template":"","meta":[],"_links":{"self":[{"href":"https:\/\/lagirafe-coaching.com\/index.php\/wp-json\/wp\/v2\/pages\/345"}],"collection":[{"href":"https:\/\/lagirafe-coaching.com\/index.php\/wp-json\/wp\/v2\/pages"}],"about":[{"href":"https:\/\/lagirafe-coaching.com\/index.php\/wp-json\/wp\/v2\/types\/page"}],"author":[{"embeddable":true,"href":"https:\/\/lagirafe-coaching.com\/index.php\/wp-json\/wp\/v2\/users\/1"}],"replies":[{"embeddable":true,"href":"https:\/\/lagirafe-coaching.com\/index.php\/wp-json\/wp\/v2\/comments?post=345"}],"version-history":[{"count":1,"href":"https:\/\/lagirafe-coaching.com\/index.php\/wp-json\/wp\/v2\/pages\/345\/revisions"}],"predecessor-version":[{"id":347,"href":"https:\/\/lagirafe-coaching.com\/index.php\/wp-json\/wp\/v2\/pages\/345\/revisions\/347"}],"wp:attachment":[{"href":"https:\/\/lagirafe-coaching.com\/index.php\/wp-json\/wp\/v2\/media?parent=345"}],"curies":[{"name":"wp","href":"https:\/\/api.w.org\/{rel}","templated":true}]}}