{"id":155,"date":"2019-11-28T15:52:09","date_gmt":"2019-11-28T14:52:09","guid":{"rendered":"http:\/\/lagirafe-coaching.com\/?page_id=155"},"modified":"2020-10-01T13:31:57","modified_gmt":"2020-10-01T11:31:57","slug":"la-girafe","status":"publish","type":"page","link":"https:\/\/lagirafe-coaching.com\/index.php\/la-girafe\/","title":{"rendered":"LA GIRAFE"},"content":{"rendered":"\n<p>Expert en discrimination, principalement concern\u00e9 par les discriminations de genre, d&rsquo;orientation sexuel, et d&rsquo;\u00e9galit\u00e9 Femme-Homme, Swann BERG\u00c8S-SELLAM, a fond\u00e9 La Girafe, milite aupr\u00e8s d&rsquo;associations comme SOS Homophobie et l&rsquo;Autre Cercle.<\/p>\n\n\n\n<p>Formateur, conf\u00e9rencier et Coach-th\u00e9rapeute certifi\u00e9, dipl\u00f4m\u00e9 en Programmation NeuroLinguistique (PNL), il est aussi sexoth\u00e9rapeute sp\u00e9cialis\u00e9 en th\u00e9rapie de couple, gestion de conflit. et \u00e9coute active.<\/p>\n\n\n\n<p>Pour les entreprises : Toutes nos formations sont prises en charge par les OPCO (ex. OPCA) Datadock.<\/p>\n\n\n\n<p><\/p>\n\n\n\n<p>Pour les particuliers : Les formations peuvent \u00eatre prise en charge par votre CPF, contactez nous, nous ferons le point sur votre dossier. <\/p>\n","protected":false},"excerpt":{"rendered":"<p>Expert en discrimination, principalement concern\u00e9 par les discriminations de genre, d&rsquo;orientation sexuel, et d&rsquo;\u00e9galit\u00e9 Femme-Homme, Swann BERG\u00c8S-SELLAM, a fond\u00e9 La Girafe, milite aupr\u00e8s d&rsquo;associations comme SOS Homophobie et l&rsquo;Autre Cercle. Formateur, conf\u00e9rencier et Coach-th\u00e9rapeute certifi\u00e9, dipl\u00f4m\u00e9 en Programmation NeuroLinguistique (PNL), &hellip; <a href=\"https:\/\/lagirafe-coaching.com\/index.php\/la-girafe\/\">Continuer la lecture <span class=\"meta-nav\">&rarr;<\/span><\/a><\/p>\n","protected":false},"author":1,"featured_media":0,"parent":0,"menu_order":0,"comment_status":"closed","ping_status":"closed","template":"","meta":[],"_links":{"self":[{"href":"https:\/\/lagirafe-coaching.com\/index.php\/wp-json\/wp\/v2\/pages\/155"}],"collection":[{"href":"https:\/\/lagirafe-coaching.com\/index.php\/wp-json\/wp\/v2\/pages"}],"about":[{"href":"https:\/\/lagirafe-coaching.com\/index.php\/wp-json\/wp\/v2\/types\/page"}],"author":[{"embeddable":true,"href":"https:\/\/lagirafe-coaching.com\/index.php\/wp-json\/wp\/v2\/users\/1"}],"replies":[{"embeddable":true,"href":"https:\/\/lagirafe-coaching.com\/index.php\/wp-json\/wp\/v2\/comments?post=155"}],"version-history":[{"count":4,"href":"https:\/\/lagirafe-coaching.com\/index.php\/wp-json\/wp\/v2\/pages\/155\/revisions"}],"predecessor-version":[{"id":344,"href":"https:\/\/lagirafe-coaching.com\/index.php\/wp-json\/wp\/v2\/pages\/155\/revisions\/344"}],"wp:attachment":[{"href":"https:\/\/lagirafe-coaching.com\/index.php\/wp-json\/wp\/v2\/media?parent=155"}],"curies":[{"name":"wp","href":"https:\/\/api.w.org\/{rel}","templated":true}]}}